{"id":1517,"date":"2020-02-19T17:53:46","date_gmt":"2020-02-19T17:53:46","guid":{"rendered":"https:\/\/varkess.nl\/?page_id=1517"},"modified":"2023-09-14T09:10:27","modified_gmt":"2023-09-14T09:10:27","slug":"educacion-y-formacion","status":"publish","type":"page","link":"https:\/\/varkess.nl\/es\/educacion-y-formacion\/","title":{"rendered":"Educaci\u00f3n y formaci\u00f3n"},"content":{"rendered":"<div class=\"wpb-content-wrapper\"><p>[vc_row css_animation=\u00bb\u00bb row_type=\u00bbrow\u00bb use_row_as_full_screen_section=\u00bbno\u00bb type=\u00bbfull_width\u00bb angled_section=\u00bbno\u00bb text_align=\u00bbleft\u00bb background_image_as_pattern=\u00bbwithout_pattern\u00bb][vc_column][vc_column_text css=\u00bb.vc_custom_1582134846569{padding-bottom: 15px !important;}\u00bb]<\/p>\n<h2>Cursos de formaci\u00f3n a medida para el sector porcino<\/h2>\n<p>[\/vc_column_text][\/vc_column][\/vc_row][vc_row css_animation=\u00bb\u00bb row_type=\u00bbrow\u00bb use_row_as_full_screen_section=\u00bbno\u00bb type=\u00bbfull_width\u00bb angled_section=\u00bbno\u00bb text_align=\u00bbleft\u00bb background_image_as_pattern=\u00bbwithout_pattern\u00bb][vc_column width=\u00bb2\/3&#8243; css=\u00bb.vc_custom_1550126401138{padding-bottom: 25px !important;}\u00bb][vc_column_text css=\u00bb.vc_custom_1582134862936{padding-bottom: 20px !important;}\u00bb]Desde hace varios a\u00f1os, Jan ofrece formaci\u00f3n y cursos para los ganaderos, t\u00e9cnicos y personal relacionado con el sector porcino, tanto \u00a0holand\u00e9s como extranjero.<\/p>\n<p>En estos programas, Jan realiza una formaci\u00f3n a medida. Los temas son la gesti\u00f3n relacionada con los procesos (por ejemplo, el momento correcto para la inseminaci\u00f3n o la buena ingesta de calostro) pero tambi\u00e9n factores de \u00e9xito como la gestaci\u00f3n en grupo, la disminuci\u00f3n del uso de antibi\u00f3ticos, la nutrici\u00f3n, el clima y el comportamiento de los cerdos.<\/p>\n<p>&nbsp;<\/p>\n<p>En un curso donde el cerdo es el punto central, los aprendices aprender\u00e1n como maximizar la eficiencia en el manejo de este. Durante el curso, tambi\u00e9n se dedica mucho tiempo en conocer c\u00f3mo se pueden implementar los conocimientos adquiridos dentro de su empresa. La duraci\u00f3n del curso puede variar entre d\u00edas y semanas.<\/p>\n<p>Jan cuenta con una amplia red de empresas internacionales y expertos que pueden encargarse de partes de los cursos. Adem\u00e1s, varios ganaderos porcinos ofrecen sus conocimientos y habilidades para llevar a cabo la implementaci\u00f3n pr\u00e1ctica en su empresa.[\/vc_column_text]<a  itemprop=\"url\" href=\"https:\/\/varkess.nl\/wp-content\/uploads\/2023\/09\/ESP-training-example.pdf\" target=\"_blank\"  class=\"qbutton  default\" style=\"\">En el anexo se encontra un ejemplo de los temas a tratar y las posibles empresas a visitar.<\/a>[\/vc_column][vc_column width=\u00bb1\/3&#8243;][vc_empty_space height=\u00bb10px\u00bb][vc_single_image image=\u00bb308&#8243; img_size=\u00bbfull\u00bb alignment=\u00bbcenter\u00bb style=\u00bbvc_box_outline\u00bb qode_css_animation=\u00bb\u00bb][vc_empty_space][\/vc_column][\/vc_row][vc_row css_animation=\u00bb\u00bb row_type=\u00bbrow\u00bb use_row_as_full_screen_section=\u00bbno\u00bb type=\u00bbfull_width\u00bb angled_section=\u00bbno\u00bb text_align=\u00bbleft\u00bb background_image_as_pattern=\u00bbwithout_pattern\u00bb][vc_column]<blockquote class=' with_quote_icon' style=''><i class='fa fa-quote-right' style='color: #000000;'><\/i><h5 class='blockquote-text' style=' line-height: 30px;'>El comportamiento del cerdo es el punto m\u00e1s importante<\/h5><\/blockquote>[vc_empty_space][\/vc_column][\/vc_row]<\/p>\n<\/div>","protected":false},"excerpt":{"rendered":"<p>[vc_row css_animation=\u00bb\u00bb row_type=\u00bbrow\u00bb use_row_as_full_screen_section=\u00bbno\u00bb type=\u00bbfull_width\u00bb angled_section=\u00bbno\u00bb text_align=\u00bbleft\u00bb background_image_as_pattern=\u00bbwithout_pattern\u00bb][vc_column][vc_column_text css=\u00bb.vc_custom_1582134846569{padding-bottom: 15px !important;}\u00bb] Cursos de formaci\u00f3n a medida para el sector porcino [\/vc_column_text][\/vc_column][\/vc_row][vc_row css_animation=\u00bb\u00bb row_type=\u00bbrow\u00bb use_row_as_full_screen_section=\u00bbno\u00bb type=\u00bbfull_width\u00bb angled_section=\u00bbno\u00bb text_align=\u00bbleft\u00bb background_image_as_pattern=\u00bbwithout_pattern\u00bb][vc_column width=\u00bb2\/3&#8243; css=\u00bb.vc_custom_1550126401138{padding-bottom: 25px !important;}\u00bb][vc_column_text css=\u00bb.vc_custom_1582134862936{padding-bottom: 20px !important;}\u00bb]Desde hace varios a\u00f1os, Jan ofrece formaci\u00f3n y cursos para los&#8230;<\/p>\n","protected":false},"author":1,"featured_media":0,"parent":0,"menu_order":0,"comment_status":"closed","ping_status":"open","template":"","meta":{"footnotes":""},"class_list":["post-1517","page","type-page","status-publish","hentry"],"_links":{"self":[{"href":"https:\/\/varkess.nl\/es\/wp-json\/wp\/v2\/pages\/1517","targetHints":{"allow":["GET"]}}],"collection":[{"href":"https:\/\/varkess.nl\/es\/wp-json\/wp\/v2\/pages"}],"about":[{"href":"https:\/\/varkess.nl\/es\/wp-json\/wp\/v2\/types\/page"}],"author":[{"embeddable":true,"href":"https:\/\/varkess.nl\/es\/wp-json\/wp\/v2\/users\/1"}],"replies":[{"embeddable":true,"href":"https:\/\/varkess.nl\/es\/wp-json\/wp\/v2\/comments?post=1517"}],"version-history":[{"count":7,"href":"https:\/\/varkess.nl\/es\/wp-json\/wp\/v2\/pages\/1517\/revisions"}],"predecessor-version":[{"id":3386,"href":"https:\/\/varkess.nl\/es\/wp-json\/wp\/v2\/pages\/1517\/revisions\/3386"}],"wp:attachment":[{"href":"https:\/\/varkess.nl\/es\/wp-json\/wp\/v2\/media?parent=1517"}],"curies":[{"name":"wp","href":"https:\/\/api.w.org\/{rel}","templated":true}]}}