{"id":1511,"date":"2020-02-19T17:50:48","date_gmt":"2020-02-19T17:50:48","guid":{"rendered":"https:\/\/varkess.nl\/?page_id=1511"},"modified":"2023-09-14T09:25:19","modified_gmt":"2023-09-14T09:25:19","slug":"orientacion-en-manejo-y-gestion-de-granjas","status":"publish","type":"page","link":"https:\/\/varkess.nl\/es\/orientacion-en-manejo-y-gestion-de-granjas\/","title":{"rendered":"Orientaci\u00f3n en manejo y gesti\u00f3n de granjas"},"content":{"rendered":"<div class=\"wpb-content-wrapper\"><p>[vc_row css_animation=\u00bb\u00bb row_type=\u00bbrow\u00bb use_row_as_full_screen_section=\u00bbno\u00bb type=\u00bbfull_width\u00bb angled_section=\u00bbno\u00bb text_align=\u00bbleft\u00bb background_image_as_pattern=\u00bbwithout_pattern\u00bb][vc_column][vc_column_text]<\/p>\n<h2>Asesoramiento objetivo e independiente basado en par\u00e1metros t\u00e9cnicos.<\/h2>\n<p>Se elabora un plan de mejoras a partir del an\u00e1lisis de los indicadores t\u00e9cnicos. Este plan de mejoras le indica qui\u00e9n es responsable de qu\u00e9 tareas, cu\u00e1ndo y c\u00f3mo se toman las acciones, cu\u00e1nto dura el proceso. Durante la implementaci\u00f3n del plan de mejoras, Jan le da seguimiento y, en caso necesario, propone ajustes.<\/p>\n<p>Un buen resultado depende del producto, del proceso y del personal (personal\/empleados). El producto es la calidad del cerdo. \u00bfC\u00f3mo se puede mejorar la calidad? Una buena gesti\u00f3n de procesos es importante en una granja porcina. Jan analiza lo que va bien en los procesos y lo que se puede mejorar. \u00bfC\u00f3mo es la ejecuci\u00f3n del proceso y es necesario ayudar al personal? \u00bfEl personal cuenta con las habilidades adecuadas?, \u00bfC\u00f3mo es la comunicaci\u00f3n y la distribuci\u00f3n de tareas?, \u00bfLe falta al personal alg\u00fan conocimiento (o herramienta) determinado para mejor realizar el trabajo?<\/p>\n<p>&nbsp;<\/p>\n<p>[\/vc_column_text][\/vc_column][\/vc_row][vc_row css_animation=\u00bb\u00bb row_type=\u00bbrow\u00bb use_row_as_full_screen_section=\u00bbno\u00bb type=\u00bbfull_width\u00bb angled_section=\u00bbno\u00bb text_align=\u00bbleft\u00bb background_image_as_pattern=\u00bbwithout_pattern\u00bb][vc_column]<blockquote class=' with_quote_icon' style=''><i class='fa fa-quote-right' style='color: #000000;'><\/i><h5 class='blockquote-text' style=' line-height: 30px;'>Un buen resultado depende del producto, del proceso y del personal.<\/h5><\/blockquote>[vc_empty_space][\/vc_column][\/vc_row]<\/p>\n<\/div>","protected":false},"excerpt":{"rendered":"<p>[vc_row css_animation=\u00bb\u00bb row_type=\u00bbrow\u00bb use_row_as_full_screen_section=\u00bbno\u00bb type=\u00bbfull_width\u00bb angled_section=\u00bbno\u00bb text_align=\u00bbleft\u00bb background_image_as_pattern=\u00bbwithout_pattern\u00bb][vc_column][vc_column_text] Asesoramiento objetivo e independiente basado en par\u00e1metros t\u00e9cnicos. Se elabora un plan de mejoras a partir del an\u00e1lisis de los indicadores t\u00e9cnicos. Este plan de mejoras le indica qui\u00e9n es responsable de qu\u00e9 tareas, cu\u00e1ndo y c\u00f3mo&#8230;<\/p>\n","protected":false},"author":1,"featured_media":0,"parent":0,"menu_order":0,"comment_status":"closed","ping_status":"open","template":"","meta":{"footnotes":""},"class_list":["post-1511","page","type-page","status-publish","hentry"],"_links":{"self":[{"href":"https:\/\/varkess.nl\/es\/wp-json\/wp\/v2\/pages\/1511","targetHints":{"allow":["GET"]}}],"collection":[{"href":"https:\/\/varkess.nl\/es\/wp-json\/wp\/v2\/pages"}],"about":[{"href":"https:\/\/varkess.nl\/es\/wp-json\/wp\/v2\/types\/page"}],"author":[{"embeddable":true,"href":"https:\/\/varkess.nl\/es\/wp-json\/wp\/v2\/users\/1"}],"replies":[{"embeddable":true,"href":"https:\/\/varkess.nl\/es\/wp-json\/wp\/v2\/comments?post=1511"}],"version-history":[{"count":2,"href":"https:\/\/varkess.nl\/es\/wp-json\/wp\/v2\/pages\/1511\/revisions"}],"predecessor-version":[{"id":3395,"href":"https:\/\/varkess.nl\/es\/wp-json\/wp\/v2\/pages\/1511\/revisions\/3395"}],"wp:attachment":[{"href":"https:\/\/varkess.nl\/es\/wp-json\/wp\/v2\/media?parent=1511"}],"curies":[{"name":"wp","href":"https:\/\/api.w.org\/{rel}","templated":true}]}}