{"id":1498,"date":"2020-02-19T17:44:50","date_gmt":"2020-02-19T17:44:50","guid":{"rendered":"https:\/\/varkess.nl\/?page_id=1498"},"modified":"2023-09-14T09:27:39","modified_gmt":"2023-09-14T09:27:39","slug":"home","status":"publish","type":"page","link":"https:\/\/varkess.nl\/es\/","title":{"rendered":"Home"},"content":{"rendered":"<div class=\"wpb-content-wrapper\"><p>[vc_row css_animation=\u00bb\u00bb row_type=\u00bbrow\u00bb use_row_as_full_screen_section=\u00bbno\u00bb type=\u00bbfull_width\u00bb angled_section=\u00bbno\u00bb text_align=\u00bbleft\u00bb background_image_as_pattern=\u00bbwithout_pattern\u00bb z_index=\u00bb\u00bb][vc_column][vc_row_inner row_type=\u00bbrow\u00bb type=\u00bbgrid\u00bb text_align=\u00bbleft\u00bb css_animation=\u00bb\u00bb css=\u00bb.vc_custom_1516362603245{padding-bottom: 105px !important;}\u00bb][vc_column_inner css=\u00bb.vc_custom_1516708323803{margin-top: -130px !important;}\u00bb offset=\u00bbvc_col-lg-7 vc_col-md-7&#8243;][qode_elements_holder number_of_columns=\u00bbone_column\u00bb][qode_elements_holder_item advanced_animations=\u00bbno\u00bb background_color=\u00bb#ffffff\u00bb item_padding=\u00bb38px 78px 57px 56px\u00bb item_padding_1280_1440=\u00bb38px 59px 57px 56px\u00bb item_padding_600_768=\u00bb38px 31px 57px 44px\u00bb item_padding_480=\u00bb38px 28px 57px 35px\u00bb][vc_column_text]<\/p>\n<h1>Consultor independiente en ganader\u00eda porcina.<\/h1>\n<p>[\/vc_column_text][vc_empty_space height=\u00bb29px\u00bb][vc_column_text]Jan Essens es un consultor independiente en ganader\u00eda porcina desde octubre de 2011. Tiene 20 a\u00f1os de experiencia en la ganader\u00eda porcina como especialista t\u00e9cnico en una gran empresa de piensos.<\/p>\n<p>Adem\u00e1s de un nutricionista independiente, se necesita un consultor independiente. El nutricionista se asegura de que el productor porcino lleva el control sobre la alimentaci\u00f3n, y Jan se ocupa de la implementaci\u00f3n pr\u00e1ctica y de elaborar un plan de mejoras.[\/vc_column_text][\/qode_elements_holder_item][\/qode_elements_holder][\/vc_column_inner][vc_column_inner offset=\u00bbvc_col-lg-5 vc_col-md-5&#8243;][\/vc_column_inner][\/vc_row_inner][qode_content_slider control_nav=\u00bbyes\u00bb][qode_content_slider_item][vc_row_inner row_type=\u00bbrow\u00bb type=\u00bbgrid\u00bb text_align=\u00bbleft\u00bb css_animation=\u00bb\u00bb][vc_column_inner offset=\u00bbvc_col-lg-4 vc_col-md-4&#8243;]<div class=\"qode-info-card\">\n\t\t\t<div class=\"qode-info-card-image\" style=\"background-color:#fff\">\n\t\t\t<img decoding=\"async\" src=\"https:\/\/varkess.nl\/wp-content\/uploads\/2019\/02\/varkess-2.png\" alt=\"\" \/>\n\t\t<\/div>\n\t\t<div class=\"qode-info-card-text-holder\" style=\"background-color:#fff\">\n\t\t\t\t\t<h2 class=\"qode-info-card-title\" >\n\t\t\t\tOrientaci\u00f3n de gesti\u00f3n t\u00e9cnica\t\t\t<\/h2>\n\t\t\t\t\t\t\t<p class=\"qode-info-card-text\" >\n\t\t\t\tComo especialista experimentada, Jan le ofrecer\u00e1 una nueva perspectiva sobre su negocio. Objetivamente y bas\u00e1ndose en par\u00e1metros t\u00e9cnicos, Jan optimizar\u00e1 las operaciones comerciales.\t\t\t<\/p>\n\t\t\t<\/div>\n\t\t\t<div class=\"qode-info-card-link-holder\">\n\t\t\t<a itemprop=\"url\" class=\"qode-qbutton-main-color qode-qbutton-full-width qode-qbutton-square\" href=\"\/management-begeleiding\" target=\"_self\" style=\"height:85px;line-height:85px\"><span>LEER M\u00c1S<\/span><\/a>\n\t\t<\/div>\n\t<\/div>[vc_empty_space height=\u00bb36px\u00bb][\/vc_column_inner][vc_column_inner offset=\u00bbvc_col-lg-4 vc_col-md-4&#8243;]<div class=\"qode-info-card\">\n\t\t\t<div class=\"qode-info-card-image\" style=\"background-color:#fff\">\n\t\t\t<img decoding=\"async\" src=\"https:\/\/varkess.nl\/wp-content\/uploads\/2019\/02\/advies-begeleiding.png\" alt=\"\" \/>\n\t\t<\/div>\n\t\t<div class=\"qode-info-card-text-holder\" style=\"background-color:#fff\">\n\t\t\t\t\t<h2 class=\"qode-info-card-title\" >\n\t\t\t\tAsesor de bienestar animal:\t\t\t<\/h2>\n\t\t\t\t\t\t\t<p class=\"qode-info-card-text\" >\n\t\t\t\tDesde finales de 2021, Jan es un asesor de bienestar animal del POV (Organizaci\u00f3n de productores porcinos). Jan aconseja al productor porcino sobre el control de bienestar animal y pone sus conocimientos a la pr\u00e1ctica en la granja. Se identifica los posibles problemas y obst\u00e1culos y a partir de ah\u00ed se trabaja juntos hacia soluciones y se elabora un plan de mejoras. El comportamiento de morder en cerdos es muy complejo y Jan tiene amplia experiencia que le permite ayudar al productor.\t\t\t<\/p>\n\t\t\t<\/div>\n\t<\/div>[vc_empty_space height=\u00bb36px\u00bb][\/vc_column_inner][vc_column_inner offset=\u00bbvc_col-lg-4 vc_col-md-4&#8243;]<div class=\"qode-info-card\">\n\t\t\t<div class=\"qode-info-card-image\" style=\"background-color:#fff\">\n\t\t\t<img decoding=\"async\" src=\"https:\/\/varkess.nl\/wp-content\/uploads\/2019\/02\/varkess-3.png\" alt=\"\" \/>\n\t\t<\/div>\n\t\t<div class=\"qode-info-card-text-holder\" style=\"background-color:#fff\">\n\t\t\t\t\t<h2 class=\"qode-info-card-title\" >\n\t\t\t\tFormaci\u00f3n y educaci\u00f3n.\t\t\t<\/h2>\n\t\t\t\t\t\t\t<p class=\"qode-info-card-text\" >\n\t\t\t\tVarkess ofrece formaci\u00f3n y cursos a medida para productores porcinos (holandeses y extranjeros) y su personal. Con un programa a medida se da respuesta a las necesidades espec\u00edficas del grupo.\t\t\t<\/p>\n\t\t\t<\/div>\n\t\t\t<div class=\"qode-info-card-link-holder\">\n\t\t\t<a itemprop=\"url\" class=\"qode-qbutton-main-color qode-qbutton-full-width qode-qbutton-square\" href=\"\/opleidingen-trainingen\" target=\"_self\" style=\"height:85px;line-height:85px\"><span>LEER M\u00c1S<\/span><\/a>\n\t\t<\/div>\n\t<\/div>[vc_empty_space height=\u00bb36px\u00bb][\/vc_column_inner][\/vc_row_inner][\/qode_content_slider_item][\/qode_content_slider][vc_single_image image=\u00bb324&#8243; img_size=\u00bbfull\u00bb qode_css_animation=\u00bb\u00bb][\/vc_column][\/vc_row][vc_row css_animation=\u00bb\u00bb row_type=\u00bbrow\u00bb use_row_as_full_screen_section=\u00bbno\u00bb type=\u00bbgrid\u00bb angled_section=\u00bbno\u00bb text_align=\u00bbleft\u00bb background_image_as_pattern=\u00bbwithout_pattern\u00bb anchor=\u00bbcontact\u00bb z_index=\u00bb\u00bb css=\u00bb.vc_custom_1549916961377{padding-bottom: 115px !important;}\u00bb el_id=\u00bbcontact\u00bb][vc_column css=\u00bb.vc_custom_1516708750681{margin-top: -195px !important;}\u00bb offset=\u00bbvc_col-lg-7 vc_col-md-7&#8243;][qode_elements_holder number_of_columns=\u00bbone_column\u00bb][qode_elements_holder_item advanced_animations=\u00bbno\u00bb background_color=\u00bb#ffffff\u00bb item_padding=\u00bb40px 61px 17px\u00bb item_padding_480=\u00bb40px 43px 17px\u00bb][vc_column_text]<\/p>\n<h1>\u00bfTienes curiosidad por saber qu\u00e9 puede hacer Varkess por ti?<\/h1>\n<p>[\/vc_column_text][vc_empty_space height=\u00bb26px\u00bb][vc_column_text]<\/p>\n<h5>Complete el siguiente formulario para obtener m\u00e1s informaci\u00f3n.<\/h5>\n<p>[\/vc_column_text][vc_empty_space height=\u00bb34px\u00bb]\n<div class=\"wpcf7 no-js\" id=\"wpcf7-f1528-o1\" lang=\"nl-NL\" dir=\"ltr\" data-wpcf7-id=\"1528\">\n<div class=\"screen-reader-response\"><p role=\"status\" aria-live=\"polite\" aria-atomic=\"true\"><\/p> <ul><\/ul><\/div>\n<form action=\"\/es\/wp-json\/wp\/v2\/pages\/1498#wpcf7-f1528-o1\" method=\"post\" class=\"wpcf7-form init cf7_custom_style_1\" aria-label=\"Contactformulier\" novalidate=\"novalidate\" data-status=\"init\">\n<fieldset class=\"hidden-fields-container\"><input type=\"hidden\" name=\"_wpcf7\" value=\"1528\" \/><input type=\"hidden\" name=\"_wpcf7_version\" value=\"6.1.5\" \/><input type=\"hidden\" name=\"_wpcf7_locale\" value=\"nl_NL\" \/><input type=\"hidden\" name=\"_wpcf7_unit_tag\" value=\"wpcf7-f1528-o1\" \/><input type=\"hidden\" name=\"_wpcf7_container_post\" value=\"0\" \/><input type=\"hidden\" name=\"_wpcf7_posted_data_hash\" value=\"\" \/><input type=\"hidden\" name=\"_wpcf7_recaptcha_response\" value=\"\" \/>\n<\/fieldset>\n<p><label> Tu Nombre (requerido)<br \/>\n<span class=\"wpcf7-form-control-wrap\" data-name=\"your-name\"><input size=\"40\" maxlength=\"400\" class=\"wpcf7-form-control wpcf7-text wpcf7-validates-as-required\" aria-required=\"true\" aria-invalid=\"false\" value=\"\" type=\"text\" name=\"your-name\" \/><\/span> <\/label>\n<\/p>\n<p><label> Direcci\u00f3n de correo electr\u00f3nico (obligatorio)<br \/>\n<span class=\"wpcf7-form-control-wrap\" data-name=\"your-email\"><input size=\"40\" maxlength=\"400\" class=\"wpcf7-form-control wpcf7-email wpcf7-validates-as-required wpcf7-text wpcf7-validates-as-email\" aria-required=\"true\" aria-invalid=\"false\" value=\"\" type=\"email\" name=\"your-email\" \/><\/span> <\/label>\n<\/p>\n<p><label> Tema<br \/>\n<span class=\"wpcf7-form-control-wrap\" data-name=\"your-subject\"><input size=\"40\" maxlength=\"400\" class=\"wpcf7-form-control wpcf7-text\" aria-invalid=\"false\" value=\"\" type=\"text\" name=\"your-subject\" \/><\/span> <\/label>\n<\/p>\n<p><label> Detalles de contacto<br \/>\n<span class=\"wpcf7-form-control-wrap\" data-name=\"your-message\"><textarea cols=\"40\" rows=\"10\" maxlength=\"2000\" class=\"wpcf7-form-control wpcf7-textarea\" aria-invalid=\"false\" name=\"your-message\"><\/textarea><\/span> <\/label>\n<\/p>\n<p><input class=\"wpcf7-form-control wpcf7-submit has-spinner\" type=\"submit\" value=\"DIRECCI\u00d3N\" \/>\n<\/p><div class=\"wpcf7-response-output\" aria-hidden=\"true\"><\/div>\n<\/form>\n<\/div>\n[\/qode_elements_holder_item][\/qode_elements_holder][\/vc_column][vc_column offset=\u00bbvc_col-lg-5 vc_col-md-5&#8243;][qode_elements_holder number_of_columns=\u00bbone_column\u00bb][qode_elements_holder_item advanced_animations=\u00bbno\u00bb item_padding=\u00bb87px 20px 0 20px\u00bb item_padding_1024_1280=\u00bb87px 20px 0 6px\u00bb item_padding_480=\u00bb36px 0 0 0&#8243;][vc_column_text]<\/p>\n<div class=\"oSioSc\">\n<div id=\"tw-target\">\n<div id=\"kAz1tf\" class=\"g9WsWb\">\n<div id=\"tw-target-text-container\" class=\"tw-ta-container tw-nfl\" tabindex=\"0\">\n<h2 id=\"tw-target-text\" class=\"tw-data-text tw-text-large tw-ta\" dir=\"ltr\" data-placeholder=\"Vertaling\"><span lang=\"es\">Informaci\u00f3n de contacto<\/span>:<\/h2>\n<\/div>\n<\/div>\n<\/div>\n<\/div>\n<p>[\/vc_column_text][vc_empty_space height=\u00bb9px\u00bb][vc_column_text]<span style=\"font-size: 19px; font-weight: 400; letter-spacing: 0; font-family: lora; line-height: 28px; color: #1c1919;\">Direcci\u00f3n:<\/span><br \/>\nEuropalaan 28, 5481JE Schijndel[\/vc_column_text][vc_column_text]Tiene preguntas espec\u00edficas? No dude en ponerse en contacto con Jan Essens.[\/vc_column_text][\/qode_elements_holder_item][\/qode_elements_holder][vc_row_inner row_type=\u00bbrow\u00bb type=\u00bbfull_width\u00bb text_align=\u00bbleft\u00bb css_animation=\u00bb\u00bb][vc_column_inner][qode_elements_holder number_of_columns=\u00bbtwo_columns\u00bb columns_proportion=\u00bb33_66&#8243;][qode_elements_holder_item advanced_animations=\u00bbno\u00bb item_padding=\u00bb21px 0 0 20px\u00bb item_padding_1024_1280=\u00bb21px 0 0 7px\u00bb item_padding_480=\u00bb17px 0 0 0&#8243;][vc_column_text]<span style=\"font-size: 19px; font-weight: 400; letter-spacing: 0; font-family: lora; line-height: 28px; color: #1c1919;\">Tel\u00e9fono:<\/span><br \/>\n+31 (0)6-11799990[\/vc_column_text][\/qode_elements_holder_item][qode_elements_holder_item advanced_animations=\u00bbno\u00bb item_padding=\u00bb21px 0 0 0&#8243; item_padding_1024_1280=\u00bb21px 0 0 34px\u00bb item_padding_600_768=\u00bb17px 0 0 20px\u00bb item_padding_480=\u00bb17px 0 0 0px\u00bb][vc_column_text]<span style=\"font-size: 19px; font-weight: 400; letter-spacing: 0; font-family: lora; line-height: 28px; color: #1c1919;\">Correo electr\u00f3nico:<\/span><br \/>\ninfo@varkess.nl[\/vc_column_text][\/qode_elements_holder_item][\/qode_elements_holder][\/vc_column_inner][\/vc_row_inner][qode_elements_holder number_of_columns=\u00bbone_column\u00bb][qode_elements_holder_item advanced_animations=\u00bbno\u00bb item_padding=\u00bb33px 20px 0 20px\u00bb item_padding_1024_1280=\u00bb33px 20px 0 6px\u00bb item_padding_480=\u00bb0 0 0 0&#8243;][vc_column_text]<span style=\"font-size: 19px; font-weight: 400; letter-spacing: 0; font-family: lora; line-height: 28px; color: #1c1919;\">C\u00e1mara de comercio:<\/span><br \/>\n53682084[\/vc_column_text][\/qode_elements_holder_item][\/qode_elements_holder][qode_elements_holder number_of_columns=\u00bbone_column\u00bb][qode_elements_holder_item advanced_animations=\u00bbno\u00bb item_padding=\u00bb33px 20px 0 20px\u00bb item_padding_1024_1280=\u00bb33px 20px 0 6px\u00bb item_padding_480=\u00bb0 0 0 0&#8243;][vc_column_text]<span style=\"font-size: 19px; font-weight: 400; letter-spacing: 0; font-family: lora; line-height: 28px; color: #1c1919;\">Pelicula corporativa:<\/span><\/p>\n<p>&nbsp;<\/p>\n<div id=\"wpfp_22e733e10c56be1b50cab6b47812965e\" data-item=\"{&quot;sources&quot;:[{&quot;src&quot;:&quot;https:\\\/\\\/varkess.nl\\\/wp-content\\\/uploads\\\/2019\\\/11\\\/PigFarmTrainingByVarkessNetherlands-2.mp4&quot;,&quot;type&quot;:&quot;video\\\/mp4&quot;}],&quot;id&quot;:&quot;1&quot;,&quot;splash&quot;:&quot;https:\\\/\\\/varkess.nl\\\/wp-content\\\/uploads\\\/2019\\\/11\\\/bedrijfsfilm-1.jpg&quot;}\" class=\"flowplayer no-brand is-splash is-paused skin-slim no-svg fp-slim fp-edgy\" data-fv-embed=\"https:\/\/varkess.nl\/es\/fvp-1\/\" style=\"position:relative; max-width: 640px; max-height: 360px; \" data-ratio=\"0.5625\">\n\t<div class=\"fp-ratio\" style=\"padding-top: 56.25%\"><\/div>\n\t<img decoding=\"async\" class=\"fp-splash\" alt=\"video\" src=\"https:\/\/varkess.nl\/wp-content\/uploads\/2019\/11\/bedrijfsfilm-1.jpg\" style=\"position:absolute;top:0;width:100%\" \/>\n\t<div class=\"fp-ui\"><noscript>Please enable JavaScript<\/noscript><div class=\"fp-play fp-visible\"><svg class=\"fp-play-sharp-fill\" xmlns=\"http:\/\/www.w3.org\/2000\/svg\" viewBox=\"0 0 100 100\"><defs><style>.fp-color-play{opacity:0.65;}.controlbutton{fill:#fff;}<\/style><\/defs><title>play-sharp-fill<\/title><path class=\"fp-color-play\" d=\"M49.9217-.078a50,50,0,1,0,50,50A50.0564,50.0564,0,0,0,49.9217-.078Z\"\/><polygon class=\"controlbutton\" points=\"73.601 50 37.968 70.573 37.968 29.427 73.601 50\" filter=\"url(#f1)\"\/><\/svg><\/div><div class=\"fp-preload\"><b><\/b><b><\/b><b><\/b><b><\/b><\/div><\/div>\n<div class='fvp-share-bar'><ul class=\"fvp-sharing\">\r\n    <li><a class=\"sharing-facebook\" href=\"https:\/\/www.facebook.com\/sharer\/sharer.php?u=https%3A%2F%2Fvarkess.nl%2Fes%2F\" target=\"_blank\"><\/a><\/li>\r\n    <li><a class=\"sharing-twitter\" href=\"https:\/\/twitter.com\/intent\/tweet?text=Varkess.nl+&url=https%3A%2F%2Fvarkess.nl%2Fes%2F\" target=\"_blank\"><\/a><\/li>\r\n    <li><a class=\"sharing-email\" href=\"mailto:?body=Check%20out%20the%20amazing%20video%20here%3A%20https%3A%2F%2Fvarkess.nl%2Fes%2F\" target=\"_blank\"><\/a><\/li><\/ul><div><a class=\"sharing-link\" href=\"https:\/\/varkess.nl\/es\/\" target=\"_blank\">Link<\/a><\/div><div><label><a class=\"embed-code-toggle\" href=\"#\"><strong>Embed<\/strong><\/a><\/label><\/div><div class=\"embed-code\"><label>Copy and paste this HTML code into your webpage to embed.<\/label><textarea><\/textarea><\/div><\/div>\n<\/div>\n[\/vc_column_text][\/qode_elements_holder_item][\/qode_elements_holder][vc_empty_space][\/vc_column][\/vc_row]<\/p>\n<\/div>","protected":false},"excerpt":{"rendered":"<p>[vc_row css_animation=\u00bb\u00bb row_type=\u00bbrow\u00bb use_row_as_full_screen_section=\u00bbno\u00bb type=\u00bbfull_width\u00bb angled_section=\u00bbno\u00bb text_align=\u00bbleft\u00bb background_image_as_pattern=\u00bbwithout_pattern\u00bb z_index=\u00bb\u00bb][vc_column][vc_row_inner row_type=\u00bbrow\u00bb type=\u00bbgrid\u00bb text_align=\u00bbleft\u00bb css_animation=\u00bb\u00bb css=\u00bb.vc_custom_1516362603245{padding-bottom: 105px !important;}\u00bb][vc_column_inner css=\u00bb.vc_custom_1516708323803{margin-top: -130px !important;}\u00bb offset=\u00bbvc_col-lg-7 vc_col-md-7&#8243;][qode_elements_holder number_of_columns=\u00bbone_column\u00bb][qode_elements_holder_item advanced_animations=\u00bbno\u00bb background_color=\u00bb#ffffff\u00bb item_padding=\u00bb38px 78px 57px 56px\u00bb item_padding_1280_1440=\u00bb38px 59px 57px 56px\u00bb item_padding_600_768=\u00bb38px 31px 57px 44px\u00bb item_padding_480=\u00bb38px 28px 57px 35px\u00bb][vc_column_text] Consultor independiente en ganader\u00eda porcina&#8230;.<\/p>\n","protected":false},"author":1,"featured_media":3341,"parent":0,"menu_order":0,"comment_status":"closed","ping_status":"closed","template":"full_width.php","meta":{"footnotes":""},"class_list":["post-1498","page","type-page","status-publish","has-post-thumbnail","hentry"],"_links":{"self":[{"href":"https:\/\/varkess.nl\/es\/wp-json\/wp\/v2\/pages\/1498","targetHints":{"allow":["GET"]}}],"collection":[{"href":"https:\/\/varkess.nl\/es\/wp-json\/wp\/v2\/pages"}],"about":[{"href":"https:\/\/varkess.nl\/es\/wp-json\/wp\/v2\/types\/page"}],"author":[{"embeddable":true,"href":"https:\/\/varkess.nl\/es\/wp-json\/wp\/v2\/users\/1"}],"replies":[{"embeddable":true,"href":"https:\/\/varkess.nl\/es\/wp-json\/wp\/v2\/comments?post=1498"}],"version-history":[{"count":4,"href":"https:\/\/varkess.nl\/es\/wp-json\/wp\/v2\/pages\/1498\/revisions"}],"predecessor-version":[{"id":3396,"href":"https:\/\/varkess.nl\/es\/wp-json\/wp\/v2\/pages\/1498\/revisions\/3396"}],"wp:featuredmedia":[{"embeddable":true,"href":"https:\/\/varkess.nl\/es\/wp-json\/wp\/v2\/media\/3341"}],"wp:attachment":[{"href":"https:\/\/varkess.nl\/es\/wp-json\/wp\/v2\/media?parent=1498"}],"curies":[{"name":"wp","href":"https:\/\/api.w.org\/{rel}","templated":true}]}}